{"id":442,"date":"2023-09-03T20:36:16","date_gmt":"2023-09-03T20:36:16","guid":{"rendered":"https:\/\/netkel.es\/?page_id=442"},"modified":"2023-09-13T11:15:27","modified_gmt":"2023-09-13T11:15:27","slug":"politicas-de-privacidad","status":"publish","type":"page","link":"https:\/\/netkel.es\/?page_id=442","title":{"rendered":"Politicas de privacidad"},"content":{"rendered":"\t\t<div data-elementor-type=\"wp-page\" data-elementor-id=\"442\" class=\"elementor elementor-442\">\n\t\t\t\t\t\t<section class=\"elementor-section elementor-top-section elementor-element elementor-element-6c98c435 elementor-section-height-min-height elementor-section-boxed elementor-section-height-default elementor-section-items-middle\" data-id=\"6c98c435\" data-element_type=\"section\" data-e-type=\"section\" data-settings=\"{&quot;background_background&quot;:&quot;classic&quot;}\">\n\t\t\t\t\t\t\t<div class=\"elementor-background-overlay\"><\/div>\n\t\t\t\t\t\t\t<div class=\"elementor-container elementor-column-gap-default\">\n\t\t\t\t\t<div class=\"elementor-column elementor-col-100 elementor-top-column elementor-element elementor-element-3a164035\" data-id=\"3a164035\" data-element_type=\"column\" data-e-type=\"column\">\n\t\t\t<div class=\"elementor-widget-wrap elementor-element-populated\">\n\t\t\t\t\t\t<div class=\"elementor-element elementor-element-4700ca45 elementor-widget__width-initial elementor-widget elementor-widget-heading\" data-id=\"4700ca45\" data-element_type=\"widget\" data-e-type=\"widget\" data-widget_type=\"heading.default\">\n\t\t\t\t<div class=\"elementor-widget-container\">\n\t\t\t\t\t<h1 class=\"elementor-heading-title elementor-size-default\">Pol\u00edticas de privacidad<\/h1>\t\t\t\t<\/div>\n\t\t\t\t<\/div>\n\t\t\t\t<div class=\"elementor-element elementor-element-66b7783 elementor-widget__width-initial elementor-absolute elementor-widget-divider--view-line elementor-invisible elementor-widget elementor-widget-divider\" data-id=\"66b7783\" data-element_type=\"widget\" data-e-type=\"widget\" data-settings=\"{&quot;_animation&quot;:&quot;flash&quot;,&quot;_position&quot;:&quot;absolute&quot;}\" data-widget_type=\"divider.default\">\n\t\t\t\t<div class=\"elementor-widget-container\">\n\t\t\t\t\t\t\t<div class=\"elementor-divider\">\n\t\t\t<span class=\"elementor-divider-separator\">\n\t\t\t\t\t\t<\/span>\n\t\t<\/div>\n\t\t\t\t\t\t<\/div>\n\t\t\t\t<\/div>\n\t\t\t\t\t<\/div>\n\t\t<\/div>\n\t\t\t\t\t<\/div>\n\t\t<\/section>\n\t\t\t\t<section class=\"elementor-section elementor-top-section elementor-element elementor-element-99fd975 elementor-section-boxed elementor-section-height-default elementor-section-height-default\" data-id=\"99fd975\" data-element_type=\"section\" data-e-type=\"section\">\n\t\t\t\t\t\t<div class=\"elementor-container elementor-column-gap-default\">\n\t\t\t\t\t<div class=\"elementor-column elementor-col-100 elementor-top-column elementor-element elementor-element-7aa6a33\" data-id=\"7aa6a33\" data-element_type=\"column\" data-e-type=\"column\">\n\t\t\t<div class=\"elementor-widget-wrap elementor-element-populated\">\n\t\t\t\t\t\t<div class=\"elementor-element elementor-element-8c9a9f2 elementor-widget elementor-widget-spacer\" data-id=\"8c9a9f2\" data-element_type=\"widget\" data-e-type=\"widget\" data-widget_type=\"spacer.default\">\n\t\t\t\t<div class=\"elementor-widget-container\">\n\t\t\t\t\t\t\t<div class=\"elementor-spacer\">\n\t\t\t<div class=\"elementor-spacer-inner\"><\/div>\n\t\t<\/div>\n\t\t\t\t\t\t<\/div>\n\t\t\t\t<\/div>\n\t\t\t\t<div class=\"elementor-element elementor-element-873b58d elementor-widget elementor-widget-text-editor\" data-id=\"873b58d\" data-element_type=\"widget\" data-e-type=\"widget\" data-widget_type=\"text-editor.default\">\n\t\t\t\t<div class=\"elementor-widget-container\">\n\t\t\t\t\t\t\t\t\t<p><b>DATOS IDENTIFICATIVOS<\/b><\/p><p><span style=\"font-weight: 400;\">En cumplimiento del Reglamento 2016\/679 relativo a la protecci\u00f3n de las personas f\u00edsicas en lo que respecta al tratamiento de datos personales y a la libre circulaci\u00f3n de estos datos (en adelante, \u201cRGPD\u201d), de la Ley Org\u00e1nica 15\/1999, de Protecci\u00f3n de Datos de Car\u00e1cter Personal (LOPD) y de la Ley 34\/2002 de 11 de julio de Servicio de sociedad de la Informaci\u00f3n y de Comercio Electr\u00f3nico, (LSSI), la sociedad NETKEL ESPA\u00d1A S.L, sociedad con domicilio social en la Av Parmenides 7, Portal 3 Piso 3 dpto C, 29010, M\u00e1laga, con CIF n\u00famero B13837356, inscrita en el Registro Mercantil de Madrid con certificado n\u00famero 23072369, (en adelante \u201cNETKEL\u201d) proporcionar\u00e1 a los Usuarios de los servicios prestados a trav\u00e9s del Sitio Web de NETKEL www.netkel.es (en adelante \u00abSitio Web\u00bb) la informaci\u00f3n necesaria para que, con car\u00e1cter previo, puedan prestar su consentimiento a fin de que NETKEL proceda al tratamiento de sus datos de car\u00e1cter personal para que los Usuarios puedan, con total libertad, decidir si desean facilitar los datos que les puedan ser requeridos con motivo de la suscripci\u00f3n o registro en los servicios que ofrece NETKEL a trav\u00e9s del Sitio Web.<\/span><\/p><p><span style=\"font-weight: 400;\">De este modo, NETKEL plenamente consciente del uso y tratamiento que se debe dar a los datos de car\u00e1cter personal, y siendo uno de sus principales objetivos la protecci\u00f3n y confidencialidad de los datos de car\u00e1cter personal, ha elaborado la presente Pol\u00edtica de Privacidad con el fin de determinar : (i) el tipo de informaci\u00f3n solicitada por el Sitio Web cuando Usuarios naveguen en el Sitio Web; (ii) el tratamiento y los fines a los que NETKEL destina dicha informaci\u00f3n; (iii) as\u00ed como las distintas medidas de seguridad encaminadas a su protecci\u00f3n.<\/span><\/p><p><span style=\"font-weight: 400;\">De conformidad con lo dispuesto en el Aviso legal y en las Condiciones generales de uso y contrataci\u00f3n, accesible a trav\u00e9s del Sitio Web, se entiende por Usuario cualquier persona, ya sea f\u00edsica o jur\u00eddica que haga uso de cualquier servicio ofrecido por NETKEL a trav\u00e9s del Sitio Web.<\/span><\/p><p><b>PROTECCI\u00d3N DE DATOS<\/b><\/p><p><b>Responsable del tratamiento de datos<\/b><\/p><p><span style=\"font-weight: 400;\">NETKEL es el responsable del tratamiento de los datos, contactable a trav\u00e9s de la direcci\u00f3n de correo electr\u00f3nico: info@netkel.es El delegado de protecci\u00f3n de datos es Ricardo Sopranzetti , localizable en la Av Parmenides 7, Portal 3 Piso 3 dpto C, 29010, M\u00e1laga, o en la misma direcci\u00f3n de correo electr\u00f3nico: info@netkel.es<\/span><\/p><p><b>Legitimaci\u00f3n del tratamiento de los datos de car\u00e1cter personal<\/b><\/p><p><span style=\"font-weight: 400;\">NETKEL cumple con las directrices del Reglamento 2016\/679 relativo a la protecci\u00f3n de las personas f\u00edsicas en lo que respecta al tratamiento de datos personales y a la libre circulaci\u00f3n de estos datos (en adelante, \u201cRGPD\u201d) y dem\u00e1s normativa vigente en cada momento, y vela por garantizar un correcto uso y tratamiento de los datos personales de los Usuarios.<\/span><\/p><p><span style=\"font-weight: 400;\">Por el mero hecho de visitar el Sitio Web no se registra autom\u00e1ticamente ning\u00fan dato de car\u00e1cter personal. Sin embargo, existe determinada informaci\u00f3n que se recoge y queda grabada en los servidores de NETKEL a trav\u00e9s de las cookies, tales como el tipo de navegador, sistema operativo o direcci\u00f3n IP, con el objeto de mejorar la navegaci\u00f3n del Usuario y gestionar el Sitio Web. La utilizaci\u00f3n y finalidad de las cookies se expone en el apartado IV del presente documento.<\/span><\/p><p><span style=\"font-weight: 400;\">Junto a cada formulario de recabo de datos de car\u00e1cter personal, NETKEL har\u00e1 saber a los Usuarios de la existencia y aceptaci\u00f3n de las condiciones particulares del tratamiento de sus datos en cada caso, inform\u00e1ndoles de los datos del responsable, la posibilidad de ejercer sus derechos de acceso, rectificaci\u00f3n, supresi\u00f3n, limitaci\u00f3n del tratamiento, cancelaci\u00f3n, portabilidad de los datos u oposici\u00f3n, la finalidad del tratamiento y las comunicaciones de datos a terceros, en su caso.<\/span><\/p><p><b>Consentimiento del usuario<\/b><\/p><p><span style=\"font-weight: 400;\">La utilizaci\u00f3n del Sitio Web es absolutamente voluntaria y supone la aceptaci\u00f3n plena del Usuario de la Pol\u00edtica de Privacidad y Cookies vigente en cada momento que se encuentre en el Sitio Web, por lo cual el Usuario deber\u00e1 leer detenidamente y aceptar sin ning\u00fan tipo de reservas la presente Pol\u00edtica de Privacidad y Cookies antes de inscribirse en el Sitio Web.<\/span><\/p><p><span style=\"font-weight: 400;\">El env\u00edo de datos personales y de mensajes por correo electr\u00f3nico, solicitando informaci\u00f3n de los servicios del Sitio Web, supone el consentimiento del Usuario para que sus datos personales sean utilizados de acuerdo con las finalidades anteriormente mencionadas y la aceptaci\u00f3n de esta Pol\u00edtica de Privacidad y Cookies.<\/span><\/p><p><b>Responsabilidad del usuario<\/b><\/p><p><span style=\"font-weight: 400;\">El Usuario deber\u00e1 comprometerse a no utilizar los servicios del Sitio Web de forma contraria a lo dispuesto en la legislaci\u00f3n vigente. En este sentido,NETKEL se reserva el derecho a retirar el acceso al Sitio Web a cualquier Usuario que contravenga lo dispuesto en la presente Pol\u00edtica de Privacidad y Cookies.<\/span><\/p><p><b>Derechos de acceso, rectificaci\u00f3n, supresi\u00f3n, limitaci\u00f3n del tratamiento, cancelaci\u00f3n portabilidad de los datos u oposici\u00f3n<\/b><\/p><p><span style=\"font-weight: 400;\">Los datos indicados por el Usuario ser\u00e1n conservados mientras el Usuario no los modifique o indique su eliminaci\u00f3n ejerciendo su derecho.<\/span><\/p><p><span style=\"font-weight: 400;\">El Usuario podr\u00e1 revocar el consentimiento prestado en cualquier momento y ejercer los derechos de acceso, rectificaci\u00f3n, supresi\u00f3n y oposici\u00f3n, solicitar la limitaci\u00f3n de los datos en relaci\u00f3n al objeto en concreto de tratamiento, as\u00ed como solicitar la portabilidad de sus datos a otra entidad.<\/span><\/p><p><span style=\"font-weight: 400;\">De este modo, los Usuarios tienen derecho a (1) acceder, modificar, corregir o eliminar su informaci\u00f3n personal.<\/span><\/p><p><b>Medidas de seguridad<\/b><\/p><p><span style=\"font-weight: 400;\">NETKEL se compromete a guardar secreto sobre los datos personales que el Usuario haya facilitado y a adoptar todas las medidas necesarias para evitar su alteraci\u00f3n, p\u00e9rdida y tratamiento o acceso no autorizado de conformidad con lo establecido en la normativa vigente. No obstante, el Usuario debe ser consciente de que las medidas de seguridad en Internet no son inexpugnables.<\/span><\/p><p><b>Aviso legal<\/b><\/p><p><span style=\"font-weight: 400;\">NETKEL informa al Usuario de que podr\u00e1 facilitar informaci\u00f3n personal a las autoridades competentes cuando sea requerido conforme a la legislaci\u00f3n vigente.<\/span><\/p><p><b>Modificaciones<\/b><\/p><p><span style=\"font-weight: 400;\">NETKEL se reserva el derecho a modificar los t\u00e9rminos de la presente Pol\u00edtica de Privacidad y Cookies y de las Condiciones de Contrataci\u00f3n y de Uso sin necesidad de aviso previo. Una versi\u00f3n actualizada de las mismas estar\u00e1 disponible permanentemente en el Sitio Web. La utilizaci\u00f3n de los servicios y\/o el simple acceso al Sitio Web supondr\u00e1 la aceptaci\u00f3n de cualquier modificaci\u00f3n introducida.<\/span><\/p><p><span style=\"font-weight: 400;\">NETKEL recomienda consultar peri\u00f3dicamente la Pol\u00edtica de Privacidad y Cookies, as\u00ed como sus modificaciones.<\/span><\/p><p><b>Cesi\u00f3n de datos y comunicaci\u00f3n a terceros<\/b><\/p><p><span style=\"font-weight: 400;\">Los datos personales del Usuario tambi\u00e9n podr\u00e1n ser cedidos a diversos proveedores de servicios en el supuesto de que la cesi\u00f3n y tratamiento por parte de estos terceros sea necesario para el desarrollo de los servicios ofertados a trav\u00e9s del Sitio Web. En este sentido, el Usuario consiente la posible transferencia internacional de datos a las sociedades que se encuentren fuera del territorio del Espacio Econ\u00f3mico Europeo (EEE) que requieran acceder a los datos personales del Usuario a efectos de prestar el servicio atendiendo a las finalidades que se indican en la presente Pol\u00edtica de Privacidad y Cookies.<\/span><\/p><p><span style=\"font-weight: 400;\">Finalmente, los datos personales del Usuario podr\u00e1n ser comunicados a terceros en los supuestos que legalmente corresponda, tal como para la atenci\u00f3n de requerimientos de las administraciones p\u00fablicas, fuerzas y cuerpos de seguridad y juzgados y tribunales o tribunales de arbitraje de consumo, as\u00ed como de asociaciones de consumidores y usuarios en caso de controversia y a cualesquiera otros terceros a quienes en virtud de la normativa aplicable sea necesario llevar a cabo la cesi\u00f3n de datos.<\/span><\/p><p><span style=\"font-weight: 400;\">El Usuario acepta expresamente la cesi\u00f3n de datos personales que aqu\u00ed se recogen, atendiendo a lo dispuesto en la legislaci\u00f3n vigente y con el \u00fanico prop\u00f3sito de prestar el servicio contratado en el Sitio Web.<\/span><\/p><p><b>COMUNICACIONES COMERCIALES<\/b><\/p><p><span style=\"font-weight: 400;\">As\u00ed mismo, NETKEL informa que da cumplimiento a la Ley 34\/2002 de 11 de julio, de Servicios de NETKEL de la Informaci\u00f3n y el Comercio Electr\u00f3nico y solicitar\u00e1 el consentimiento del Usuario al tratamiento de su correo electr\u00f3nico con fines comerciales en el momento de contactar con nosotros.<\/span><\/p>\t\t\t\t\t\t\t\t<\/div>\n\t\t\t\t<\/div>\n\t\t\t\t<div class=\"elementor-element elementor-element-676eb7d elementor-widget elementor-widget-spacer\" data-id=\"676eb7d\" data-element_type=\"widget\" data-e-type=\"widget\" data-widget_type=\"spacer.default\">\n\t\t\t\t<div class=\"elementor-widget-container\">\n\t\t\t\t\t\t\t<div class=\"elementor-spacer\">\n\t\t\t<div class=\"elementor-spacer-inner\"><\/div>\n\t\t<\/div>\n\t\t\t\t\t\t<\/div>\n\t\t\t\t<\/div>\n\t\t\t\t\t<\/div>\n\t\t<\/div>\n\t\t\t\t\t<\/div>\n\t\t<\/section>\n\t\t\t\t<section class=\"elementor-section elementor-top-section elementor-element elementor-element-199d7503 envato-kit-141-top-0 elementor-reverse-mobile elementor-section-boxed elementor-section-height-default elementor-section-height-default\" data-id=\"199d7503\" data-element_type=\"section\" data-e-type=\"section\" data-settings=\"{&quot;background_background&quot;:&quot;classic&quot;}\">\n\t\t\t\t\t\t\t<div class=\"elementor-background-overlay\"><\/div>\n\t\t\t\t\t\t\t<div class=\"elementor-container elementor-column-gap-wider\">\n\t\t\t\t\t<div class=\"elementor-column elementor-col-33 elementor-top-column elementor-element elementor-element-2bc78adb elementor-invisible\" data-id=\"2bc78adb\" data-element_type=\"column\" data-e-type=\"column\" data-settings=\"{&quot;background_background&quot;:&quot;classic&quot;,&quot;animation&quot;:&quot;pulse&quot;,&quot;animation_delay&quot;:400}\">\n\t\t\t<div class=\"elementor-widget-wrap elementor-element-populated\">\n\t\t\t\t\t\t<div class=\"elementor-element elementor-element-44530faf elementor-widget__width-initial elementor-widget elementor-widget-image\" data-id=\"44530faf\" data-element_type=\"widget\" data-e-type=\"widget\" data-widget_type=\"image.default\">\n\t\t\t\t<div class=\"elementor-widget-container\">\n\t\t\t\t\t\t\t\t\t\t\t\t\t\t\t<img fetchpriority=\"high\" decoding=\"async\" width=\"486\" height=\"174\" src=\"https:\/\/netkel.es\/wp-content\/uploads\/2023\/09\/es__4_-removebg-preview-e1693750364234.png\" class=\"attachment-large size-large wp-image-200\" alt=\"\" srcset=\"https:\/\/netkel.es\/wp-content\/uploads\/2023\/09\/es__4_-removebg-preview-e1693750364234.png 486w, https:\/\/netkel.es\/wp-content\/uploads\/2023\/09\/es__4_-removebg-preview-e1693750364234-300x107.png 300w\" sizes=\"(max-width: 486px) 100vw, 486px\" \/>\t\t\t\t\t\t\t\t\t\t\t\t\t\t\t<\/div>\n\t\t\t\t<\/div>\n\t\t\t\t\t<\/div>\n\t\t<\/div>\n\t\t\t\t<div class=\"elementor-column elementor-col-33 elementor-top-column elementor-element elementor-element-bca1953 elementor-invisible\" data-id=\"bca1953\" data-element_type=\"column\" data-e-type=\"column\" data-settings=\"{&quot;animation&quot;:&quot;fadeIn&quot;,&quot;animation_delay&quot;:100}\">\n\t\t\t<div class=\"elementor-widget-wrap elementor-element-populated\">\n\t\t\t\t\t\t<div class=\"elementor-element elementor-element-66c17ddb elementor-widget elementor-widget-heading\" data-id=\"66c17ddb\" data-element_type=\"widget\" data-e-type=\"widget\" data-widget_type=\"heading.default\">\n\t\t\t\t<div class=\"elementor-widget-container\">\n\t\t\t\t\t<h2 class=\"elementor-heading-title elementor-size-default\">Contacto<\/h2>\t\t\t\t<\/div>\n\t\t\t\t<\/div>\n\t\t\t\t<div class=\"elementor-element elementor-element-7b4d43c0 elementor-icon-list--layout-traditional elementor-list-item-link-full_width elementor-widget elementor-widget-icon-list\" data-id=\"7b4d43c0\" data-element_type=\"widget\" data-e-type=\"widget\" data-widget_type=\"icon-list.default\">\n\t\t\t\t<div class=\"elementor-widget-container\">\n\t\t\t\t\t\t\t<ul class=\"elementor-icon-list-items\">\n\t\t\t\t\t\t\t<li class=\"elementor-icon-list-item\">\n\t\t\t\t\t\t\t\t\t\t\t<span class=\"elementor-icon-list-icon\">\n\t\t\t\t\t\t\t<i aria-hidden=\"true\" class=\"fas fa-map-marker-alt\"><\/i>\t\t\t\t\t\t<\/span>\n\t\t\t\t\t\t\t\t\t\t<span class=\"elementor-icon-list-text\">M\u00e1laga, Espa\u00f1a<\/span>\n\t\t\t\t\t\t\t\t\t<\/li>\n\t\t\t\t\t\t\t\t<li class=\"elementor-icon-list-item\">\n\t\t\t\t\t\t\t\t\t\t\t<span class=\"elementor-icon-list-icon\">\n\t\t\t\t\t\t\t<i aria-hidden=\"true\" class=\"fas fa-phone\"><\/i>\t\t\t\t\t\t<\/span>\n\t\t\t\t\t\t\t\t\t\t<span class=\"elementor-icon-list-text\">+34 699  68 47 90<\/span>\n\t\t\t\t\t\t\t\t\t<\/li>\n\t\t\t\t\t\t\t\t<li class=\"elementor-icon-list-item\">\n\t\t\t\t\t\t\t\t\t\t\t<span class=\"elementor-icon-list-icon\">\n\t\t\t\t\t\t\t<i aria-hidden=\"true\" class=\"far fa-envelope-open\"><\/i>\t\t\t\t\t\t<\/span>\n\t\t\t\t\t\t\t\t\t\t<span class=\"elementor-icon-list-text\">info@netkel.es<\/span>\n\t\t\t\t\t\t\t\t\t<\/li>\n\t\t\t\t\t\t<\/ul>\n\t\t\t\t\t\t<\/div>\n\t\t\t\t<\/div>\n\t\t\t\t\t<\/div>\n\t\t<\/div>\n\t\t\t\t<div class=\"elementor-column elementor-col-33 elementor-top-column elementor-element elementor-element-37b22d3f elementor-invisible\" data-id=\"37b22d3f\" data-element_type=\"column\" data-e-type=\"column\" data-settings=\"{&quot;animation&quot;:&quot;fadeIn&quot;,&quot;animation_delay&quot;:100}\">\n\t\t\t<div class=\"elementor-widget-wrap elementor-element-populated\">\n\t\t\t\t\t\t<div class=\"elementor-element elementor-element-544dd624 elementor-widget elementor-widget-heading\" data-id=\"544dd624\" data-element_type=\"widget\" data-e-type=\"widget\" data-widget_type=\"heading.default\">\n\t\t\t\t<div class=\"elementor-widget-container\">\n\t\t\t\t\t<h2 class=\"elementor-heading-title elementor-size-default\">InFORMACI\u00d3N<\/h2>\t\t\t\t<\/div>\n\t\t\t\t<\/div>\n\t\t\t\t<div class=\"elementor-element elementor-element-71fbe4dd elementor-icon-list--layout-traditional elementor-list-item-link-full_width elementor-widget elementor-widget-icon-list\" data-id=\"71fbe4dd\" data-element_type=\"widget\" data-e-type=\"widget\" data-widget_type=\"icon-list.default\">\n\t\t\t\t<div class=\"elementor-widget-container\">\n\t\t\t\t\t\t\t<ul class=\"elementor-icon-list-items\">\n\t\t\t\t\t\t\t<li class=\"elementor-icon-list-item\">\n\t\t\t\t\t\t\t\t\t\t\t<a href=\"https:\/\/netkel.es\/?page_id=442\">\n\n\t\t\t\t\t\t\t\t\t\t\t\t<span class=\"elementor-icon-list-icon\">\n\t\t\t\t\t\t\t<i aria-hidden=\"true\" class=\"fas fa-arrow-alt-circle-right\"><\/i>\t\t\t\t\t\t<\/span>\n\t\t\t\t\t\t\t\t\t\t<span class=\"elementor-icon-list-text\">Pol\u00edticas de privacidad<\/span>\n\t\t\t\t\t\t\t\t\t\t\t<\/a>\n\t\t\t\t\t\t\t\t\t<\/li>\n\t\t\t\t\t\t\t\t<li class=\"elementor-icon-list-item\">\n\t\t\t\t\t\t\t\t\t\t\t<a href=\"https:\/\/netkel.es\/?page_id=449\">\n\n\t\t\t\t\t\t\t\t\t\t\t\t<span class=\"elementor-icon-list-icon\">\n\t\t\t\t\t\t\t<i aria-hidden=\"true\" class=\"fas fa-arrow-alt-circle-right\"><\/i>\t\t\t\t\t\t<\/span>\n\t\t\t\t\t\t\t\t\t\t<span class=\"elementor-icon-list-text\">Aviso legal<\/span>\n\t\t\t\t\t\t\t\t\t\t\t<\/a>\n\t\t\t\t\t\t\t\t\t<\/li>\n\t\t\t\t\t\t\t\t<li class=\"elementor-icon-list-item\">\n\t\t\t\t\t\t\t\t\t\t\t<a href=\"https:\/\/netkel.es\/?page_id=509\">\n\n\t\t\t\t\t\t\t\t\t\t\t\t<span class=\"elementor-icon-list-icon\">\n\t\t\t\t\t\t\t<i aria-hidden=\"true\" class=\"fas fa-arrow-alt-circle-right\"><\/i>\t\t\t\t\t\t<\/span>\n\t\t\t\t\t\t\t\t\t\t<span class=\"elementor-icon-list-text\">Pol\u00edticas de cookies<\/span>\n\t\t\t\t\t\t\t\t\t\t\t<\/a>\n\t\t\t\t\t\t\t\t\t<\/li>\n\t\t\t\t\t\t\t\t<li class=\"elementor-icon-list-item\">\n\t\t\t\t\t\t\t\t\t\t\t<a href=\"https:\/\/netkel.es\/?page_id=538\">\n\n\t\t\t\t\t\t\t\t\t\t\t\t<span class=\"elementor-icon-list-icon\">\n\t\t\t\t\t\t\t<i aria-hidden=\"true\" class=\"fas fa-arrow-alt-circle-right\"><\/i>\t\t\t\t\t\t<\/span>\n\t\t\t\t\t\t\t\t\t\t<span class=\"elementor-icon-list-text\">Pol\u00edticas de Sostenibilidad<\/span>\n\t\t\t\t\t\t\t\t\t\t\t<\/a>\n\t\t\t\t\t\t\t\t\t<\/li>\n\t\t\t\t\t\t<\/ul>\n\t\t\t\t\t\t<\/div>\n\t\t\t\t<\/div>\n\t\t\t\t\t<\/div>\n\t\t<\/div>\n\t\t\t\t\t<\/div>\n\t\t<\/section>\n\t\t\t\t<\/div>\n\t\t","protected":false},"excerpt":{"rendered":"<p>Pol\u00edticas de privacidad DATOS IDENTIFICATIVOS En cumplimiento del Reglamento 2016\/679 relativo a la protecci\u00f3n de las personas f\u00edsicas en lo que respecta al tratamiento de datos personales y a la libre circulaci\u00f3n de estos datos (en adelante, \u201cRGPD\u201d), de la Ley Org\u00e1nica 15\/1999, de Protecci\u00f3n de Datos de Car\u00e1cter Personal (LOPD) y de la Ley [&hellip;]<\/p>\n","protected":false},"author":1,"featured_media":0,"parent":0,"menu_order":0,"comment_status":"closed","ping_status":"closed","template":"","meta":{"ocean_post_layout":"full-screen","ocean_both_sidebars_style":"","ocean_both_sidebars_content_width":0,"ocean_both_sidebars_sidebars_width":0,"ocean_sidebar":"0","ocean_second_sidebar":"0","ocean_disable_margins":"enable","ocean_add_body_class":"","ocean_shortcode_before_top_bar":"","ocean_shortcode_after_top_bar":"","ocean_shortcode_before_header":"","ocean_shortcode_after_header":"","ocean_has_shortcode":"","ocean_shortcode_after_title":"","ocean_shortcode_before_footer_widgets":"","ocean_shortcode_after_footer_widgets":"","ocean_shortcode_before_footer_bottom":"","ocean_shortcode_after_footer_bottom":"","ocean_display_top_bar":"default","ocean_display_header":"default","ocean_header_style":"","ocean_center_header_left_menu":"0","ocean_custom_header_template":"0","ocean_custom_logo":0,"ocean_custom_retina_logo":0,"ocean_custom_logo_max_width":0,"ocean_custom_logo_tablet_max_width":0,"ocean_custom_logo_mobile_max_width":0,"ocean_custom_logo_max_height":0,"ocean_custom_logo_tablet_max_height":0,"ocean_custom_logo_mobile_max_height":0,"ocean_header_custom_menu":"0","ocean_menu_typo_font_family":"0","ocean_menu_typo_font_subset":"","ocean_menu_typo_font_size":0,"ocean_menu_typo_font_size_tablet":0,"ocean_menu_typo_font_size_mobile":0,"ocean_menu_typo_font_size_unit":"px","ocean_menu_typo_font_weight":"","ocean_menu_typo_font_weight_tablet":"","ocean_menu_typo_font_weight_mobile":"","ocean_menu_typo_transform":"","ocean_menu_typo_transform_tablet":"","ocean_menu_typo_transform_mobile":"","ocean_menu_typo_line_height":0,"ocean_menu_typo_line_height_tablet":0,"ocean_menu_typo_line_height_mobile":0,"ocean_menu_typo_line_height_unit":"","ocean_menu_typo_spacing":0,"ocean_menu_typo_spacing_tablet":0,"ocean_menu_typo_spacing_mobile":0,"ocean_menu_typo_spacing_unit":"","ocean_menu_link_color":"","ocean_menu_link_color_hover":"","ocean_menu_link_color_active":"","ocean_menu_link_background":"","ocean_menu_link_hover_background":"","ocean_menu_link_active_background":"","ocean_menu_social_links_bg":"","ocean_menu_social_hover_links_bg":"","ocean_menu_social_links_color":"","ocean_menu_social_hover_links_color":"","ocean_disable_title":"on","ocean_disable_heading":"default","ocean_post_title":"","ocean_post_subheading":"","ocean_post_title_style":"","ocean_post_title_background_color":"","ocean_post_title_background":0,"ocean_post_title_bg_image_position":"","ocean_post_title_bg_image_attachment":"","ocean_post_title_bg_image_repeat":"","ocean_post_title_bg_image_size":"","ocean_post_title_height":0,"ocean_post_title_bg_overlay":0.5,"ocean_post_title_bg_overlay_color":"","ocean_disable_breadcrumbs":"default","ocean_breadcrumbs_color":"","ocean_breadcrumbs_separator_color":"","ocean_breadcrumbs_links_color":"","ocean_breadcrumbs_links_hover_color":"","ocean_display_footer_widgets":"default","ocean_display_footer_bottom":"default","ocean_custom_footer_template":"0","footnotes":""},"class_list":["post-442","page","type-page","status-publish","hentry","entry"],"_links":{"self":[{"href":"https:\/\/netkel.es\/index.php?rest_route=\/wp\/v2\/pages\/442","targetHints":{"allow":["GET"]}}],"collection":[{"href":"https:\/\/netkel.es\/index.php?rest_route=\/wp\/v2\/pages"}],"about":[{"href":"https:\/\/netkel.es\/index.php?rest_route=\/wp\/v2\/types\/page"}],"author":[{"embeddable":true,"href":"https:\/\/netkel.es\/index.php?rest_route=\/wp\/v2\/users\/1"}],"replies":[{"embeddable":true,"href":"https:\/\/netkel.es\/index.php?rest_route=%2Fwp%2Fv2%2Fcomments&post=442"}],"version-history":[{"count":13,"href":"https:\/\/netkel.es\/index.php?rest_route=\/wp\/v2\/pages\/442\/revisions"}],"predecessor-version":[{"id":561,"href":"https:\/\/netkel.es\/index.php?rest_route=\/wp\/v2\/pages\/442\/revisions\/561"}],"wp:attachment":[{"href":"https:\/\/netkel.es\/index.php?rest_route=%2Fwp%2Fv2%2Fmedia&parent=442"}],"curies":[{"name":"wp","href":"https:\/\/api.w.org\/{rel}","templated":true}]}}